{"id":87,"date":"2025-04-29T12:23:02","date_gmt":"2025-04-29T11:23:02","guid":{"rendered":"https:\/\/www.cd-kras-brkini.si\/?page_id=87"},"modified":"2025-05-12T06:11:46","modified_gmt":"2025-05-12T05:11:46","slug":"o-drustvu-2","status":"publish","type":"page","link":"https:\/\/www.cd-kras-brkini.si\/index.php\/o-drustvu-2\/","title":{"rendered":"O dru\u0161tvu"},"content":{"rendered":"\n<p>\u010cebelarsko dru\u0161tvo zdru\u017euje \u010debelarje, ki prihajajo iz Krasa in Brkinov ali na tem obmo\u010dju \u010debelarijo.<\/p>\n\n\n\n<p>\u010cebelarsko dru\u0161tvo Kras-Brkini<br>Kra\u0161ka cesta 67<br>6215 Diva\u010da<br><br>D. \u0161t.: 73333611<br>Mati\u010dna \u0161t.: 2712377000<br>TRR: SI56 6400 0000 0610 917<br><br>info@cd-kras-brkini.si <br><br>Predsednik: Ale\u0161 Rodman<br>ales.rodman@gmail.com<br>031 298 302<\/p>\n","protected":false},"excerpt":{"rendered":"<p>\u010cebelarsko dru\u0161tvo zdru\u017euje \u010debelarje, ki prihajajo iz Krasa in Brkinov ali na tem obmo\u010dju \u010debelarijo. \u010cebelarsko dru\u0161tvo Kras-BrkiniKra\u0161ka cesta 676215 Diva\u010da D. \u0161t.: 73333611Mati\u010dna \u0161t.: 2712377000TRR: SI56 6400 0000 0610 917 info@cd-kras-brkini.si Predsednik: Ale\u0161 Rodmanales.rodman@gmail.com031 298 302<\/p>\n","protected":false},"author":1,"featured_media":0,"parent":0,"menu_order":0,"comment_status":"closed","ping_status":"closed","template":"","meta":{"footnotes":""},"class_list":["post-87","page","type-page","status-publish","hentry"],"_links":{"self":[{"href":"https:\/\/www.cd-kras-brkini.si\/index.php\/wp-json\/wp\/v2\/pages\/87","targetHints":{"allow":["GET"]}}],"collection":[{"href":"https:\/\/www.cd-kras-brkini.si\/index.php\/wp-json\/wp\/v2\/pages"}],"about":[{"href":"https:\/\/www.cd-kras-brkini.si\/index.php\/wp-json\/wp\/v2\/types\/page"}],"author":[{"embeddable":true,"href":"https:\/\/www.cd-kras-brkini.si\/index.php\/wp-json\/wp\/v2\/users\/1"}],"replies":[{"embeddable":true,"href":"https:\/\/www.cd-kras-brkini.si\/index.php\/wp-json\/wp\/v2\/comments?post=87"}],"version-history":[{"count":4,"href":"https:\/\/www.cd-kras-brkini.si\/index.php\/wp-json\/wp\/v2\/pages\/87\/revisions"}],"predecessor-version":[{"id":109,"href":"https:\/\/www.cd-kras-brkini.si\/index.php\/wp-json\/wp\/v2\/pages\/87\/revisions\/109"}],"wp:attachment":[{"href":"https:\/\/www.cd-kras-brkini.si\/index.php\/wp-json\/wp\/v2\/media?parent=87"}],"curies":[{"name":"wp","href":"https:\/\/api.w.org\/{rel}","templated":true}]}}