{"id":13,"date":"2025-04-16T06:01:16","date_gmt":"2025-04-16T06:01:16","guid":{"rendered":"https:\/\/www.cd-kras-brkini.si\/?page_id=13"},"modified":"2025-05-05T06:12:11","modified_gmt":"2025-05-05T05:12:11","slug":"o-drustvu","status":"publish","type":"page","link":"https:\/\/www.cd-kras-brkini.si\/index.php\/o-drustvu\/","title":{"rendered":"V\u010dlanitev v \u010cD"},"content":{"rendered":"\n<p>V \u010debelarsko dru\u0161tvo Kras-Brkini vabimo vse \u010debelarke in \u010debelarje, ki bi \u017eeleli postati del na\u0161e prihodnosti. Izpolnjen obrazec Pristopne izjave po\u0161ljete po po\u0161ti na naslov dru\u0161tva ali skenirano kopijo po\u0161ljete na e-mail:&nbsp;<a href=\"mailto:ales.rodman@gmail.com\" target=\"_blank\" rel=\"noreferrer noopener\">ales.rodman@gmail.com<\/a><\/p>\n\n\n\n<p>Vljudno vabljeni.<\/p>\n\n\n\n<div data-wp-interactive=\"core\/file\" class=\"wp-block-file\"><object data-wp-bind--hidden=\"!state.hasPdfPreview\" hidden class=\"wp-block-file__embed\" data=\"https:\/\/www.cd-kras-brkini.si\/wp-content\/uploads\/2025\/05\/Pristopna-izjava.pdf\" type=\"application\/pdf\" style=\"width:100%;height:600px\" aria-label=\"Vdelava Pristopna izjava\"><\/object><a id=\"wp-block-file--media-4a5ec806-0153-425a-ac58-22176293df79\" href=\"https:\/\/www.cd-kras-brkini.si\/wp-content\/uploads\/2025\/05\/Pristopna-izjava.pdf\">Pristopna izjava<\/a><a href=\"https:\/\/www.cd-kras-brkini.si\/wp-content\/uploads\/2025\/05\/Pristopna-izjava.pdf\" class=\"wp-block-file__button wp-element-button\" download aria-describedby=\"wp-block-file--media-4a5ec806-0153-425a-ac58-22176293df79\">Prenos<\/a><\/div>\n","protected":false},"excerpt":{"rendered":"<p>V \u010debelarsko dru\u0161tvo Kras-Brkini vabimo vse \u010debelarke in \u010debelarje, ki bi \u017eeleli postati del na\u0161e prihodnosti. Izpolnjen obrazec Pristopne izjave po\u0161ljete po po\u0161ti na naslov dru\u0161tva ali skenirano kopijo po\u0161ljete na e-mail:&nbsp;ales.rodman@gmail.com Vljudno vabljeni.<\/p>\n","protected":false},"author":1,"featured_media":0,"parent":0,"menu_order":0,"comment_status":"closed","ping_status":"closed","template":"","meta":{"footnotes":""},"class_list":["post-13","page","type-page","status-publish","hentry"],"_links":{"self":[{"href":"https:\/\/www.cd-kras-brkini.si\/index.php\/wp-json\/wp\/v2\/pages\/13","targetHints":{"allow":["GET"]}}],"collection":[{"href":"https:\/\/www.cd-kras-brkini.si\/index.php\/wp-json\/wp\/v2\/pages"}],"about":[{"href":"https:\/\/www.cd-kras-brkini.si\/index.php\/wp-json\/wp\/v2\/types\/page"}],"author":[{"embeddable":true,"href":"https:\/\/www.cd-kras-brkini.si\/index.php\/wp-json\/wp\/v2\/users\/1"}],"replies":[{"embeddable":true,"href":"https:\/\/www.cd-kras-brkini.si\/index.php\/wp-json\/wp\/v2\/comments?post=13"}],"version-history":[{"count":4,"href":"https:\/\/www.cd-kras-brkini.si\/index.php\/wp-json\/wp\/v2\/pages\/13\/revisions"}],"predecessor-version":[{"id":99,"href":"https:\/\/www.cd-kras-brkini.si\/index.php\/wp-json\/wp\/v2\/pages\/13\/revisions\/99"}],"wp:attachment":[{"href":"https:\/\/www.cd-kras-brkini.si\/index.php\/wp-json\/wp\/v2\/media?parent=13"}],"curies":[{"name":"wp","href":"https:\/\/api.w.org\/{rel}","templated":true}]}}